{"id":7,"date":"2023-10-05T06:38:04","date_gmt":"2023-10-05T06:38:04","guid":{"rendered":"https:\/\/comunicaciona2pasesores.es\/?page_id=7"},"modified":"2023-10-06T11:25:33","modified_gmt":"2023-10-06T11:25:33","slug":"home","status":"publish","type":"page","link":"https:\/\/comunicaciona2pasesores.es\/","title":{"rendered":"Home"},"content":{"rendered":"\t\t<div data-elementor-type=\"wp-page\" data-elementor-id=\"7\" class=\"elementor elementor-7\" data-elementor-post-type=\"page\">\n\t\t\t\t<div class=\"elementor-element elementor-element-dd96bf2 e-flex e-con-boxed e-con e-parent\" data-id=\"dd96bf2\" data-element_type=\"container\" data-e-type=\"container\">\n\t\t\t\t\t<div class=\"e-con-inner\">\n\t\t\t\t<div class=\"elementor-element elementor-element-41428c5 elementor-widget elementor-widget-heading\" data-id=\"41428c5\" data-element_type=\"widget\" data-e-type=\"widget\" data-widget_type=\"heading.default\">\n\t\t\t\t<div class=\"elementor-widget-container\">\n\t\t\t\t\t<h2 class=\"elementor-heading-title elementor-size-default\">Comunicaci\u00f3n con clientes<\/h2>\t\t\t\t<\/div>\n\t\t\t\t<\/div>\n\t\t\t\t<div class=\"elementor-element elementor-element-26c56c9 elementor-widget elementor-widget-text-editor\" data-id=\"26c56c9\" data-element_type=\"widget\" data-e-type=\"widget\" data-widget_type=\"text-editor.default\">\n\t\t\t\t<div class=\"elementor-widget-container\">\n\t\t\t\t\t\t\t\t\t<p style=\"font-weight: 400;\">Con el objetivo de facilitar la gesti\u00f3n y comunicaci\u00f3n diaria con nuestros clientes, nuestra asesor\u00eda ha desarrollado una herramienta de comunicaci\u00f3n online para poder realizar tr\u00e1mites, consultas, enviar documentaci\u00f3n y comunicarse directamente con la persona de nuestro equipo que gestiona su cuenta.<\/p><p style=\"font-weight: 400;\">Esta nueva posibilidad a trav\u00e9s de la web, responde a las necesidades actuales de nuestros clientes.<\/p>\t\t\t\t\t\t\t\t<\/div>\n\t\t\t\t<\/div>\n\t\t\t\t<div class=\"elementor-element elementor-element-3330c8d elementor-button-align-stretch elementor-widget elementor-widget-form\" data-id=\"3330c8d\" data-element_type=\"widget\" data-e-type=\"widget\" data-settings=\"{&quot;step_next_label&quot;:&quot;Next&quot;,&quot;step_previous_label&quot;:&quot;Previous&quot;,&quot;button_width&quot;:&quot;100&quot;,&quot;step_type&quot;:&quot;number_text&quot;,&quot;step_icon_shape&quot;:&quot;circle&quot;}\" data-widget_type=\"form.default\">\n\t\t\t\t<div class=\"elementor-widget-container\">\n\t\t\t\t\t\t\t<form class=\"elementor-form\" method=\"post\" id=\"comunicacion_clientes\" name=\"Comunicaci\u00f3n con clientes\" aria-label=\"Comunicaci\u00f3n con clientes\">\n\t\t\t<input type=\"hidden\" name=\"post_id\" value=\"7\"\/>\n\t\t\t<input type=\"hidden\" name=\"form_id\" value=\"3330c8d\"\/>\n\t\t\t<input type=\"hidden\" name=\"referer_title\" value=\"Comunicaci\u00f3n a2pasesores\" \/>\n\n\t\t\t\t\t\t\t<input type=\"hidden\" name=\"queried_id\" value=\"7\"\/>\n\t\t\t\n\t\t\t<div class=\"elementor-form-fields-wrapper elementor-labels-above\">\n\t\t\t\t\t\t\t\t<div class=\"elementor-field-type-select elementor-field-group elementor-column elementor-field-group-field_0959d2b elementor-col-100 elementor-field-required elementor-mark-required\">\n\t\t\t\t\t\t\t\t\t\t\t\t<label for=\"form-field-field_0959d2b\" class=\"elementor-field-label\">\n\t\t\t\t\t\t\t\tElige un asesor: \t\t\t\t\t\t\t<\/label>\n\t\t\t\t\t\t\t\t<div class=\"elementor-field elementor-select-wrapper remove-before \">\n\t\t\t<div class=\"select-caret-down-wrapper\">\n\t\t\t\t<i aria-hidden=\"true\" class=\"eicon-caret-down\"><\/i>\t\t\t<\/div>\n\t\t\t<select name=\"form_fields[field_0959d2b]\" id=\"form-field-field_0959d2b\" class=\"elementor-field-textual elementor-size-sm\" required=\"required\">\n\t\t\t\t\t\t\t\t\t<option value=\" a2p@a2pasesores.es\"> <\/option>\n\t\t\t\t\t\t\t\t\t<option value=\" a2p@a2pasesores.es\">Gen\u00e9rico <\/option>\n\t\t\t\t\t\t\t\t\t<option value=\" angosto@a2pasesores.es   \">Sof\u00eda Angosto <\/option>\n\t\t\t\t\t\t\t\t\t<option value=\" pascual@a2pasesores.es  \">Manuel Pascual <\/option>\n\t\t\t\t\t\t\t\t\t<option value=\" portoles@a2pasesores.es\">Jos\u00e9 Miguel Portol\u00e9s <\/option>\n\t\t\t\t\t\t\t<\/select>\n\t\t<\/div>\n\t\t\t\t\t\t<\/div>\n\t\t\t\t\t\t\t\t<div class=\"elementor-field-type-text elementor-field-group elementor-column elementor-field-group-name elementor-col-100 elementor-field-required elementor-mark-required\">\n\t\t\t\t\t\t\t\t\t\t\t\t<label for=\"form-field-name\" class=\"elementor-field-label\">\n\t\t\t\t\t\t\t\tEmpresa\t\t\t\t\t\t\t<\/label>\n\t\t\t\t\t\t\t\t\t\t\t\t\t\t<input size=\"1\" type=\"text\" name=\"form_fields[name]\" id=\"form-field-name\" class=\"elementor-field elementor-size-sm  elementor-field-textual\" required=\"required\">\n\t\t\t\t\t\t\t\t\t\t\t<\/div>\n\t\t\t\t\t\t\t\t<div class=\"elementor-field-type-tel elementor-field-group elementor-column elementor-field-group-field_4192aa6 elementor-col-33 elementor-field-required elementor-mark-required\">\n\t\t\t\t\t\t\t\t\t\t\t\t<label for=\"form-field-field_4192aa6\" class=\"elementor-field-label\">\n\t\t\t\t\t\t\t\tTel\u00e9fono\t\t\t\t\t\t\t<\/label>\n\t\t\t\t\t\t\t\t<input size=\"1\" type=\"tel\" name=\"form_fields[field_4192aa6]\" id=\"form-field-field_4192aa6\" class=\"elementor-field elementor-size-sm  elementor-field-textual\" required=\"required\" pattern=\"[0-9()#&amp;+*-=.]+\" title=\"Solo se aceptan n\u00fameros y caracteres de tel\u00e9fono (#,-,*,etc).\">\n\n\t\t\t\t\t\t<\/div>\n\t\t\t\t\t\t\t\t<div class=\"elementor-field-type-email elementor-field-group elementor-column elementor-field-group-email elementor-col-66 elementor-field-required elementor-mark-required\">\n\t\t\t\t\t\t\t\t\t\t\t\t<label for=\"form-field-email\" class=\"elementor-field-label\">\n\t\t\t\t\t\t\t\tEmail\t\t\t\t\t\t\t<\/label>\n\t\t\t\t\t\t\t\t\t\t\t\t\t\t<input size=\"1\" type=\"email\" name=\"form_fields[email]\" id=\"form-field-email\" class=\"elementor-field elementor-size-sm  elementor-field-textual\" required=\"required\">\n\t\t\t\t\t\t\t\t\t\t\t<\/div>\n\t\t\t\t\t\t\t\t<div class=\"elementor-field-type-text elementor-field-group elementor-column elementor-field-group-field_4411e6e elementor-col-100\">\n\t\t\t\t\t\t\t\t\t\t\t\t<label for=\"form-field-field_4411e6e\" class=\"elementor-field-label\">\n\t\t\t\t\t\t\t\tPersona de contacto\t\t\t\t\t\t\t<\/label>\n\t\t\t\t\t\t\t\t\t\t\t\t\t\t<input size=\"1\" type=\"text\" name=\"form_fields[field_4411e6e]\" id=\"form-field-field_4411e6e\" class=\"elementor-field elementor-size-sm  elementor-field-textual\">\n\t\t\t\t\t\t\t\t\t\t\t<\/div>\n\t\t\t\t\t\t\t\t<div class=\"elementor-field-type-textarea elementor-field-group elementor-column elementor-field-group-message elementor-col-100\">\n\t\t\t\t\t\t\t\t\t\t\t\t<label for=\"form-field-message\" class=\"elementor-field-label\">\n\t\t\t\t\t\t\t\tComentarios\t\t\t\t\t\t\t<\/label>\n\t\t\t\t\t\t<textarea class=\"elementor-field-textual elementor-field  elementor-size-sm\" name=\"form_fields[message]\" id=\"form-field-message\" rows=\"4\"><\/textarea>\t\t\t\t<\/div>\n\t\t\t\t\t\t\t\t<div class=\"elementor-field-type-upload elementor-field-group elementor-column elementor-field-group-field_acf6ce3 elementor-col-100\">\n\t\t\t\t\t\t\t\t\t\t\t\t<label for=\"form-field-field_acf6ce3\" class=\"elementor-field-label\">\n\t\t\t\t\t\t\t\tEnviar archivos. Peso m\u00e1ximo 15MB\t\t\t\t\t\t\t<\/label>\n\t\t\t\t\t\t\t\t<input type=\"file\" name=\"form_fields[field_acf6ce3][]\" id=\"form-field-field_acf6ce3\" class=\"elementor-field elementor-size-sm  elementor-upload-field\" multiple=\"multiple\" data-maxsize=\"15\" data-maxsize-message=\"Este archivo excede el tama\u00f1o m\u00e1ximo permitido.\">\n\n\t\t\t\t\t\t<\/div>\n\t\t\t\t\t\t\t\t<div class=\"elementor-field-type-recaptcha_v3 elementor-field-group elementor-column elementor-field-group-field_ef610f7 elementor-col-100 recaptcha_v3-bottomright\">\n\t\t\t\t\t<div class=\"elementor-field\" id=\"form-field-field_ef610f7\"><div class=\"elementor-g-recaptcha\" data-sitekey=\"6LdMW3ooAAAAANV0lcFB7-p6TLrsjGtL6SfFsj2d\" data-type=\"v3\" data-action=\"Form\" data-badge=\"bottomright\" data-size=\"invisible\"><\/div><\/div>\t\t\t\t<\/div>\n\t\t\t\t\t\t\t\t<div class=\"elementor-field-type-acceptance elementor-field-group elementor-column elementor-field-group-field_b1a6057 elementor-col-100 elementor-field-required elementor-mark-required\">\n\t\t\t\t\t\t\t<div class=\"elementor-field-subgroup\">\n\t\t\t<span class=\"elementor-field-option\">\n\t\t\t\t<input type=\"checkbox\" name=\"form_fields[field_b1a6057]\" id=\"form-field-field_b1a6057\" class=\"elementor-field elementor-size-sm  elementor-acceptance-field\" required=\"required\">\n\t\t\t\t<label for=\"form-field-field_b1a6057\">He le\u00eddo y acepto la <a href=\"https:\/\/www.a2pasesores.es\/politica-privacidad.php\" target=\"_blank\">politica de privacidad<\/a>*<\/label>\t\t\t<\/span>\n\t\t<\/div>\n\t\t\t\t\t\t<\/div>\n\t\t\t\t\t\t\t\t<div class=\"elementor-field-group elementor-column elementor-field-type-submit elementor-col-100 e-form__buttons\">\n\t\t\t\t\t<button class=\"elementor-button elementor-size-sm\" type=\"submit\">\n\t\t\t\t\t\t<span class=\"elementor-button-content-wrapper\">\n\t\t\t\t\t\t\t\t\t\t\t\t\t\t\t<span class=\"elementor-button-icon\">\n\t\t\t\t\t\t\t\t\t<i aria-hidden=\"true\" class=\"fas fa-paper-plane\"><\/i>\t\t\t\t\t\t\t\t\t\t\t\t\t\t\t\t\t<\/span>\n\t\t\t\t\t\t\t\t\t\t\t\t\t\t\t\t\t\t\t\t\t\t<span class=\"elementor-button-text\">Enviar<\/span>\n\t\t\t\t\t\t\t\t\t\t\t\t\t<\/span>\n\t\t\t\t\t<\/button>\n\t\t\t\t<\/div>\n\t\t\t<\/div>\n\t\t<\/form>\n\t\t\t\t\t\t<\/div>\n\t\t\t\t<\/div>\n\t\t\t\t\t<\/div>\n\t\t\t\t<\/div>\n\t\t<div class=\"elementor-element elementor-element-0475fb5 e-flex e-con-boxed e-con e-parent\" data-id=\"0475fb5\" data-element_type=\"container\" data-e-type=\"container\">\n\t\t\t\t\t<div class=\"e-con-inner\">\n\t\t\t\t<div class=\"elementor-element elementor-element-14799b1 elementor-widget elementor-widget-spacer\" data-id=\"14799b1\" data-element_type=\"widget\" data-e-type=\"widget\" data-widget_type=\"spacer.default\">\n\t\t\t\t<div class=\"elementor-widget-container\">\n\t\t\t\t\t\t\t<div class=\"elementor-spacer\">\n\t\t\t<div class=\"elementor-spacer-inner\"><\/div>\n\t\t<\/div>\n\t\t\t\t\t\t<\/div>\n\t\t\t\t<\/div>\n\t\t\t\t\t<\/div>\n\t\t\t\t<\/div>\n\t\t<div class=\"elementor-element elementor-element-89d318c e-con-full e-flex e-con e-parent\" data-id=\"89d318c\" data-element_type=\"container\" data-e-type=\"container\">\n\t\t\t\t<div class=\"elementor-element elementor-element-a4de102 elementor-widget elementor-widget-google_maps\" data-id=\"a4de102\" data-element_type=\"widget\" data-e-type=\"widget\" data-widget_type=\"google_maps.default\">\n\t\t\t\t<div class=\"elementor-widget-container\">\n\t\t\t\t\t\t\t<div class=\"elementor-custom-embed\">\n\t\t\t<iframe loading=\"lazy\"\n\t\t\t\t\tsrc=\"https:\/\/maps.google.com\/maps?q=a2pasesores&#038;t=m&#038;z=16&#038;output=embed&#038;iwloc=near\"\n\t\t\t\t\ttitle=\"a2pasesores\"\n\t\t\t\t\taria-label=\"a2pasesores\"\n\t\t\t><\/iframe>\n\t\t<\/div>\n\t\t\t\t\t\t<\/div>\n\t\t\t\t<\/div>\n\t\t\t\t<\/div>\n\t\t\t\t<\/div>\n\t\t","protected":false},"excerpt":{"rendered":"<p>Comunicaci\u00f3n con clientes Con el objetivo de facilitar la gesti\u00f3n y comunicaci\u00f3n diaria con nuestros clientes, nuestra asesor\u00eda ha desarrollado una herramienta de comunicaci\u00f3n online para poder realizar tr\u00e1mites, consultas, enviar documentaci\u00f3n y comunicarse directamente con la persona de nuestro equipo que gestiona su cuenta. Esta nueva posibilidad a trav\u00e9s de la web, responde a [&hellip;]<\/p>\n","protected":false},"author":1,"featured_media":0,"parent":0,"menu_order":0,"comment_status":"closed","ping_status":"closed","template":"","meta":{"footnotes":""},"class_list":["post-7","page","type-page","status-publish","hentry"],"yoast_head":"<!-- This site is optimized with the Yoast SEO plugin v27.4 - https:\/\/yoast.com\/product\/yoast-seo-wordpress\/ -->\n<title>Comunicaci\u00f3n a2pasesores<\/title>\n<meta name=\"description\" content=\"Ahora puedes realizar tr\u00e1mites, consultas , enviar documentaci\u00f3n y comunicarse directamente con la persona de nuestro equipo\" \/>\n<meta name=\"robots\" content=\"index, follow, max-snippet:-1, max-image-preview:large, max-video-preview:-1\" \/>\n<link rel=\"canonical\" href=\"https:\/\/comunicaciona2pasesores.es\/\" \/>\n<meta property=\"og:locale\" content=\"es_ES\" \/>\n<meta property=\"og:type\" content=\"article\" \/>\n<meta property=\"og:title\" content=\"Comunicaci\u00f3n a2pasesores\" \/>\n<meta property=\"og:description\" content=\"Ahora puedes realizar tr\u00e1mites, consultas , enviar documentaci\u00f3n y comunicarse directamente con la persona de nuestro equipo\" \/>\n<meta property=\"og:url\" content=\"https:\/\/comunicaciona2pasesores.es\/\" \/>\n<meta property=\"og:site_name\" content=\"a2pasesores\" \/>\n<meta property=\"article:modified_time\" content=\"2023-10-06T11:25:33+00:00\" \/>\n<meta name=\"twitter:card\" content=\"summary_large_image\" \/>\n<meta name=\"twitter:label1\" content=\"Tiempo de lectura\" \/>\n\t<meta name=\"twitter:data1\" content=\"1 minuto\" \/>\n<script type=\"application\/ld+json\" class=\"yoast-schema-graph\">{\"@context\":\"https:\\\/\\\/schema.org\",\"@graph\":[{\"@type\":\"WebPage\",\"@id\":\"https:\\\/\\\/comunicaciona2pasesores.es\\\/\",\"url\":\"https:\\\/\\\/comunicaciona2pasesores.es\\\/\",\"name\":\"Comunicaci\u00f3n a2pasesores\",\"isPartOf\":{\"@id\":\"https:\\\/\\\/comunicaciona2pasesores.es\\\/#website\"},\"datePublished\":\"2023-10-05T06:38:04+00:00\",\"dateModified\":\"2023-10-06T11:25:33+00:00\",\"description\":\"Ahora puedes realizar tr\u00e1mites, consultas , enviar documentaci\u00f3n y comunicarse directamente con la persona de nuestro equipo\",\"breadcrumb\":{\"@id\":\"https:\\\/\\\/comunicaciona2pasesores.es\\\/#breadcrumb\"},\"inLanguage\":\"es\",\"potentialAction\":[{\"@type\":\"ReadAction\",\"target\":[\"https:\\\/\\\/comunicaciona2pasesores.es\\\/\"]}]},{\"@type\":\"BreadcrumbList\",\"@id\":\"https:\\\/\\\/comunicaciona2pasesores.es\\\/#breadcrumb\",\"itemListElement\":[{\"@type\":\"ListItem\",\"position\":1,\"name\":\"Portada\",\"item\":\"https:\\\/\\\/comunicaciona2pasesores.es\\\/\"},{\"@type\":\"ListItem\",\"position\":2,\"name\":\"Home\"}]},{\"@type\":\"WebSite\",\"@id\":\"https:\\\/\\\/comunicaciona2pasesores.es\\\/#website\",\"url\":\"https:\\\/\\\/comunicaciona2pasesores.es\\\/\",\"name\":\"a2pasesores\",\"description\":\"Comunicaci&oacute;n con el cliente\",\"publisher\":{\"@id\":\"https:\\\/\\\/comunicaciona2pasesores.es\\\/#organization\"},\"potentialAction\":[{\"@type\":\"SearchAction\",\"target\":{\"@type\":\"EntryPoint\",\"urlTemplate\":\"https:\\\/\\\/comunicaciona2pasesores.es\\\/?s={search_term_string}\"},\"query-input\":{\"@type\":\"PropertyValueSpecification\",\"valueRequired\":true,\"valueName\":\"search_term_string\"}}],\"inLanguage\":\"es\"},{\"@type\":\"Organization\",\"@id\":\"https:\\\/\\\/comunicaciona2pasesores.es\\\/#organization\",\"name\":\"a2pasesores\",\"url\":\"https:\\\/\\\/comunicaciona2pasesores.es\\\/\",\"logo\":{\"@type\":\"ImageObject\",\"inLanguage\":\"es\",\"@id\":\"https:\\\/\\\/comunicaciona2pasesores.es\\\/#\\\/schema\\\/logo\\\/image\\\/\",\"url\":\"https:\\\/\\\/comunicaciona2pasesores.es\\\/wp-content\\\/uploads\\\/2023\\\/10\\\/logo.gif\",\"contentUrl\":\"https:\\\/\\\/comunicaciona2pasesores.es\\\/wp-content\\\/uploads\\\/2023\\\/10\\\/logo.gif\",\"width\":88,\"height\":190,\"caption\":\"a2pasesores\"},\"image\":{\"@id\":\"https:\\\/\\\/comunicaciona2pasesores.es\\\/#\\\/schema\\\/logo\\\/image\\\/\"}}]}<\/script>\n<!-- \/ Yoast SEO plugin. -->","yoast_head_json":{"title":"Comunicaci\u00f3n a2pasesores","description":"Ahora puedes realizar tr\u00e1mites, consultas , enviar documentaci\u00f3n y comunicarse directamente con la persona de nuestro equipo","robots":{"index":"index","follow":"follow","max-snippet":"max-snippet:-1","max-image-preview":"max-image-preview:large","max-video-preview":"max-video-preview:-1"},"canonical":"https:\/\/comunicaciona2pasesores.es\/","og_locale":"es_ES","og_type":"article","og_title":"Comunicaci\u00f3n a2pasesores","og_description":"Ahora puedes realizar tr\u00e1mites, consultas , enviar documentaci\u00f3n y comunicarse directamente con la persona de nuestro equipo","og_url":"https:\/\/comunicaciona2pasesores.es\/","og_site_name":"a2pasesores","article_modified_time":"2023-10-06T11:25:33+00:00","twitter_card":"summary_large_image","twitter_misc":{"Tiempo de lectura":"1 minuto"},"schema":{"@context":"https:\/\/schema.org","@graph":[{"@type":"WebPage","@id":"https:\/\/comunicaciona2pasesores.es\/","url":"https:\/\/comunicaciona2pasesores.es\/","name":"Comunicaci\u00f3n a2pasesores","isPartOf":{"@id":"https:\/\/comunicaciona2pasesores.es\/#website"},"datePublished":"2023-10-05T06:38:04+00:00","dateModified":"2023-10-06T11:25:33+00:00","description":"Ahora puedes realizar tr\u00e1mites, consultas , enviar documentaci\u00f3n y comunicarse directamente con la persona de nuestro equipo","breadcrumb":{"@id":"https:\/\/comunicaciona2pasesores.es\/#breadcrumb"},"inLanguage":"es","potentialAction":[{"@type":"ReadAction","target":["https:\/\/comunicaciona2pasesores.es\/"]}]},{"@type":"BreadcrumbList","@id":"https:\/\/comunicaciona2pasesores.es\/#breadcrumb","itemListElement":[{"@type":"ListItem","position":1,"name":"Portada","item":"https:\/\/comunicaciona2pasesores.es\/"},{"@type":"ListItem","position":2,"name":"Home"}]},{"@type":"WebSite","@id":"https:\/\/comunicaciona2pasesores.es\/#website","url":"https:\/\/comunicaciona2pasesores.es\/","name":"a2pasesores","description":"Comunicaci&oacute;n con el cliente","publisher":{"@id":"https:\/\/comunicaciona2pasesores.es\/#organization"},"potentialAction":[{"@type":"SearchAction","target":{"@type":"EntryPoint","urlTemplate":"https:\/\/comunicaciona2pasesores.es\/?s={search_term_string}"},"query-input":{"@type":"PropertyValueSpecification","valueRequired":true,"valueName":"search_term_string"}}],"inLanguage":"es"},{"@type":"Organization","@id":"https:\/\/comunicaciona2pasesores.es\/#organization","name":"a2pasesores","url":"https:\/\/comunicaciona2pasesores.es\/","logo":{"@type":"ImageObject","inLanguage":"es","@id":"https:\/\/comunicaciona2pasesores.es\/#\/schema\/logo\/image\/","url":"https:\/\/comunicaciona2pasesores.es\/wp-content\/uploads\/2023\/10\/logo.gif","contentUrl":"https:\/\/comunicaciona2pasesores.es\/wp-content\/uploads\/2023\/10\/logo.gif","width":88,"height":190,"caption":"a2pasesores"},"image":{"@id":"https:\/\/comunicaciona2pasesores.es\/#\/schema\/logo\/image\/"}}]}},"_links":{"self":[{"href":"https:\/\/comunicaciona2pasesores.es\/index.php?rest_route=\/wp\/v2\/pages\/7","targetHints":{"allow":["GET"]}}],"collection":[{"href":"https:\/\/comunicaciona2pasesores.es\/index.php?rest_route=\/wp\/v2\/pages"}],"about":[{"href":"https:\/\/comunicaciona2pasesores.es\/index.php?rest_route=\/wp\/v2\/types\/page"}],"author":[{"embeddable":true,"href":"https:\/\/comunicaciona2pasesores.es\/index.php?rest_route=\/wp\/v2\/users\/1"}],"replies":[{"embeddable":true,"href":"https:\/\/comunicaciona2pasesores.es\/index.php?rest_route=%2Fwp%2Fv2%2Fcomments&post=7"}],"version-history":[{"count":71,"href":"https:\/\/comunicaciona2pasesores.es\/index.php?rest_route=\/wp\/v2\/pages\/7\/revisions"}],"predecessor-version":[{"id":116,"href":"https:\/\/comunicaciona2pasesores.es\/index.php?rest_route=\/wp\/v2\/pages\/7\/revisions\/116"}],"wp:attachment":[{"href":"https:\/\/comunicaciona2pasesores.es\/index.php?rest_route=%2Fwp%2Fv2%2Fmedia&parent=7"}],"curies":[{"name":"wp","href":"https:\/\/api.w.org\/{rel}","templated":true}]}}